{"id":819,"date":"2023-03-27T14:16:27","date_gmt":"2023-03-27T07:16:27","guid":{"rendered":"https:\/\/hungnam2.world-bank.us\/?post_type=product&#038;p=819"},"modified":"2023-03-27T14:24:04","modified_gmt":"2023-03-27T07:24:04","slug":"vien-uong-the-men-plus","status":"publish","type":"product","link":"https:\/\/hungnam2.world-bank.us\/en\/san-pham\/vien-uong-the-men-plus\/","title":{"rendered":"VI\u00caN U\u1ed0NG THE MEN PLUS++"},"content":{"rendered":"<h2><strong>Gi\u1edbi thi\u1ec7u s\u1ea3n ph\u1ea9m<\/strong><\/h2>\n<p style=\"text-align: center;\"><img loading=\"lazy\" decoding=\"async\" class=\"alignnone wp-image-301 size-full\" src=\"https:\/\/hungnam2.world-bank.us\/wp-content\/uploads\/2023\/02\/thanh-phan.png\" alt=\"\" width=\"480\" height=\"377\" srcset=\"https:\/\/hungnam2.world-bank.us\/wp-content\/uploads\/2023\/02\/thanh-phan.png 480w, https:\/\/hungnam2.world-bank.us\/wp-content\/uploads\/2023\/02\/thanh-phan-300x236.png 300w\" sizes=\"auto, (max-width: 480px) 100vw, 480px\" \/><\/p>\n<p><strong>TH\u00c0NH PH\u1ea6N C\u1ea4U T\u1ea0O:<\/strong><\/p>\n<p>Kh\u1ed1i l\u01b0\u1ee3ng vi\u00ean 550mg + 7,5%<\/p>\n<p>H\u1ed7n h\u1ee3p cao kh\u00f4 220mg<\/p>\n<ul>\n<li>H\u00e0 Th\u1ee7 \u00f4 &#8230;&#8230;&#8230;&#8230;&#8230;&#8230;&#8230;&#8230;&#8230;&#8230;&#8230;&#8230;&#8230;&#8230;&#8230;&#8230;&#8230;&#8230;&#8230;&#8230;&#8230;&#8230;&#8230;&#8230;&#8230;&#8230;&#8230;&#8230;&#8230;&#8230;50mg<\/li>\n<li>\u0110\u1ea3ng s\u00e2m &#8230;&#8230;&#8230;&#8230;&#8230;&#8230;&#8230;&#8230;&#8230;&#8230;&#8230;&#8230;&#8230;&#8230;&#8230;&#8230;&#8230;&#8230;&#8230;&#8230;&#8230;&#8230;&#8230;&#8230;&#8230;&#8230;&#8230;&#8230;&#8230;..50mg<\/li>\n<li>H\u1ed3ng s\u00e2m &#8230;&#8230;&#8230;&#8230;&#8230;&#8230;&#8230;&#8230;&#8230;&#8230;&#8230;&#8230;&#8230;&#8230;&#8230;&#8230;&#8230;&#8230;&#8230;&#8230;&#8230;&#8230;&#8230;&#8230;&#8230;&#8230;&#8230;&#8230;&#8230;..50mg<\/li>\n<li>Nh\u1ee5c thung dung &#8230;&#8230;&#8230;&#8230;&#8230;&#8230;&#8230;&#8230;&#8230;&#8230;&#8230;&#8230;&#8230;&#8230;&#8230;&#8230;&#8230;&#8230;&#8230;&#8230;&#8230;&#8230;&#8230;&#8230;&#8230;..40mg<\/li>\n<li>C\u1ea9u t\u00edch &#8230;&#8230;&#8230;&#8230;&#8230;&#8230;&#8230;&#8230;&#8230;&#8230;&#8230;&#8230;&#8230;&#8230;&#8230;&#8230;&#8230;&#8230;&#8230;&#8230;&#8230;&#8230;&#8230;&#8230;&#8230;&#8230;&#8230;&#8230;&#8230;&#8230;..30mg<\/li>\n<\/ul>\n<p>H\u1ed7n h\u1ee3p cao kh\u00f4 120mg t\u01b0\u01a1ng \u0111\u01b0\u01a1ng:<\/p>\n<ul>\n<li>Trinh n\u1eef ho\u00e0ng cung &#8230;&#8230;&#8230;&#8230;&#8230;&#8230;&#8230;&#8230;&#8230;&#8230;&#8230;&#8230;&#8230;&#8230;&#8230;&#8230;&#8230;&#8230;&#8230;&#8230;&#8230;&#8230;&#8230;&#8230;300mg<\/li>\n<li>Ba k\u00edch&#8230;&#8230;&#8230;&#8230;&#8230;&#8230;&#8230;&#8230;&#8230;&#8230;&#8230;&#8230;&#8230;&#8230;&#8230;&#8230;&#8230;&#8230;&#8230;&#8230;&#8230;&#8230;&#8230;&#8230;&#8230;&#8230;&#8230;&#8230;&#8230;&#8230;&#8230;..200mg<\/li>\n<li>D\u00e2m d\u01b0\u01a1ng ho\u1eafc&#8230;&#8230;&#8230;&#8230;&#8230;&#8230;&#8230;&#8230;&#8230;&#8230;&#8230;&#8230;&#8230;&#8230;&#8230;&#8230;&#8230;&#8230;&#8230;&#8230;&#8230;&#8230;&#8230;&#8230;&#8230;&#8230;.180mg<\/li>\n<li>B\u1ea1ch t\u1eadt l\u00ea &#8230;&#8230;&#8230;&#8230;&#8230;&#8230;&#8230;&#8230;&#8230;&#8230;&#8230;&#8230;&#8230;&#8230;&#8230;&#8230;&#8230;&#8230;&#8230;&#8230;&#8230;&#8230;&#8230;&#8230;&#8230;&#8230;&#8230;&#8230;&#8230;.150mg<\/li>\n<li>T\u1ecfa d\u01b0\u01a1ng&#8230;&#8230;&#8230;&#8230;&#8230;&#8230;&#8230;&#8230;&#8230;&#8230;&#8230;&#8230;&#8230;&#8230;&#8230;&#8230;&#8230;&#8230;&#8230;&#8230;&#8230;&#8230;&#8230;&#8230;&#8230;&#8230;&#8230;&#8230;&#8230;..100mg<\/li>\n<li>N\u00e1ng hoa tr\u1eafng &#8230;&#8230;&#8230;&#8230;&#8230;&#8230;&#8230;&#8230;&#8230;&#8230;&#8230;&#8230;&#8230;&#8230;&#8230;&#8230;&#8230;&#8230;&#8230;&#8230;&#8230;&#8230;&#8230;&#8230;&#8230;&#8230;&#8230;100mg<\/li>\n<li>K\u1ebdm Gluconate &#8230;&#8230;&#8230;&#8230;&#8230;&#8230;&#8230;&#8230;&#8230;&#8230;&#8230;&#8230;&#8230;&#8230;&#8230;&#8230;&#8230;&#8230;&#8230;&#8230;&#8230;&#8230;&#8230;&#8230;&#8230;&#8230;&#8230;..20mg<\/li>\n<\/ul>\n<p>(T\u01b0\u01a1ng \u0111\u01b0\u01a1ng h\u00e0m l\u01b0\u1ee3ng K\u1ebdm: 2,87mg)<\/p>\n<p><strong>Ph\u1ee5 li\u1ec7u:<\/strong> Tinh b\u1ed9t ng\u00f4, ch\u1ea5t ch\u1ed1ng \u0111\u00f4ng v\u00f3n \u2013 talc (553(iii)), magie stearat v\u1eeba \u0111\u1ee7 1 vi\u00ean nang c\u1ee9ng.<\/p>\n<p>&nbsp;<\/p>\n<p><strong>C\u00d4NG D\u1ee4NG:<\/strong><\/p>\n<p>B\u1ed5 th\u1eadn, h\u1ed7 tr\u1ee3 l\u00e0m gi\u1ea3m c\u00e1c tri\u1ec7u ch\u1ee9ng ph\u00ec \u0111\u1ea1i ti\u1ec1n li\u1ec7t tuy\u1ebfn l\u00e0nh t\u00ednh \u1edf nam gi\u1edbi nh\u01b0: ti\u1ec3u \u0111\u00eam, ti\u1ec3u d\u1eaft, ti\u1ec3u nhi\u1ec1u l\u1ea7n.<\/p>\n<p>Ch\u00fa \u00fd: Th\u1ef1c ph\u1ea9m n\u00e0y kh\u00f4ng ph\u1ea3i l\u00e0 thu\u1ed1c, kh\u00f4ng c\u00f3 t\u00e1c d\u1ee5ng thay th\u1ebf thu\u1ed1c ch\u1eefa b\u1ec7nh.<\/p>\n<p>Kh\u00f4ng d\u00f9ng cho ng\u01b0\u1eddi d\u01b0\u1edbi 18 tu\u1ed5i, ng\u01b0\u1eddi m\u1eabn c\u1ea3m v\u1edbi b\u1ea5t k\u1ef3 th\u00e0nh ph\u1ea7n n\u00e0o c\u1ee7a s\u1ea3n ph\u1ea9m.<\/p>\n<p><strong>\u0110\u1ed0I T\u01af\u1ee2NG S\u1eec D\u1ee4NG:<\/strong><\/p>\n<ul>\n<li>Nam gi\u1edbi th\u1eadn h\u01b0, th\u1eadn y\u1ebfu, ph\u00ec \u0111\u1ea1i ti\u1ec1n li\u1ec7t tuy\u1ebfn l\u00e0nh t\u00ednh g\u00e2y: ti\u1ec3u \u0111\u00eam, ti\u1ec3u d\u1eaft, ti\u1ec3u nhi\u1ec1u l\u1ea7n.<\/li>\n<\/ul>\n<p><strong>C\u00c1CH D\u00d9NG:<\/strong><\/p>\n<ul>\n<li>U\u1ed1ng tr\u01b0\u1edbc khi \u0103n ho\u1eb7c tr\u01b0\u1edbc khi \u0111i ng\u1ee7.<\/li>\n<li>Ng\u01b0\u1eddi l\u1edbn: u\u1ed1ng 1-2 vi\u00ean\/l\u1ea7n, ng\u00e0y u\u1ed1ng 2 l\u1ea7n.<\/li>\n<\/ul>\n<p>TI\u00caU CHU\u1ea8N: TCCS<\/p>\n<p>S\u1ed1 GTNB\u0110KCB: 4137\/2019\/\u0110KSP.<\/p>\n","protected":false},"excerpt":{"rendered":"<p><strong>TPCN vi\u00ean u\u1ed1ng The Men Plus++<\/strong><\/p>\n<ul>\n<li>B\u1ed5 th\u1eadn, h\u1ed7 tr\u1ee3 l\u00e0m gi\u1ea3m c\u00e1c tri\u1ec7u ch\u1ee9ng ph\u00ec \u0111\u1ea1i ti\u1ec1n li\u1ec7t tuy\u1ebfn l\u00e0nh t\u00ednh \u1edf nam gi\u1edbi<\/li>\n<\/ul>\n<p>Nh\u00e0 m\u00e1y Nature Pharma H\u00f2a B\u00ecnh s\u1ea3n xu\u1ea5t TPCN, TPBS d\u1ea1ng vi\u00ean nang c\u1ee9ng ph\u1ed5 bi\u1ebfn \u0111\u01b0\u1ee3c nhi\u1ec1u c\u00e1c Boss l\u1ef1a ch\u1ecdn nh\u1ea5t. Ch\u00fang t\u00f4i c\u00f3 m\u1ea1ng l\u01b0\u1edbi c\u01a1 s\u1edf kinh doanh tr\u00ean kh\u1eafp th\u1ebf gi\u1edbi, cung c\u1ea5p \u0111a d\u1ea1ng c\u00e1c lo\u1ea1i s\u1ea3n ph\u1ea9m kh\u00e1c nhau, d\u1ecbch v\u1ee5 to\u00e0n di\u1ec7n, ph\u00e2n t\u00edch th\u1ecb tr\u01b0\u1eddng v\u00e0 h\u01a1n th\u1ebf n\u1eefa \u0111\u1ec3 gi\u00fap kh\u00e1ch h\u00e0ng tr\u00e1nh kh\u1ecfi nh\u1eefng sai l\u1ea7m trong kinh doanh.<\/p>\n<p><span style=\"text-decoration: underline;\"><em><a href=\"https:\/\/naturepharma.net.vn\/lien-he\"><span style=\"color: #00a859; text-decoration: underline;\">Vui l\u00f2ng nh\u1ea5p v\u00e0o \u0111\u00e2y n\u1ebfu b\u1ea1n quan t\u00e2m t\u1edbi s\u1ea3n ph\u1ea9m c\u1ee7a ch\u00fang t\u00f4i. Nature Pharma s\u1ebd g\u1eedi b\u00e1o gi\u00e1 cho b\u1ea1n trong th\u1eddi gian nhanh nh\u1ea5t c\u00f3 th\u1ec3.<\/span><\/a><\/em><\/span><\/p>\n","protected":false},"featured_media":820,"template":"","meta":[],"product_cat":[33],"product_tag":[126,128,127,125,87,49,124],"class_list":["post-819","product","type-product","status-publish","has-post-thumbnail","hentry","product_cat-tiet-nieu","product_tag-bo-than","product_tag-phi-dai-tien-liet-tuyen","product_tag-than","product_tag-the-men-plus","product_tag-tiet-nieu","product_tag-vien-nang-cung","product_tag-vien-uong-the-men-plus"],"_links":{"self":[{"href":"https:\/\/hungnam2.world-bank.us\/en\/wp-json\/wp\/v2\/product\/819\/"}],"collection":[{"href":"https:\/\/hungnam2.world-bank.us\/en\/wp-json\/wp\/v2\/product\/"}],"about":[{"href":"https:\/\/hungnam2.world-bank.us\/en\/wp-json\/wp\/v2\/types\/product\/"}],"wp:featuredmedia":[{"embeddable":true,"href":"https:\/\/hungnam2.world-bank.us\/en\/wp-json\/wp\/v2\/media\/820\/"}],"wp:attachment":[{"href":"https:\/\/hungnam2.world-bank.us\/en\/wp-json\/wp\/v2\/media\/?parent=819"}],"wp:term":[{"taxonomy":"product_cat","embeddable":true,"href":"https:\/\/hungnam2.world-bank.us\/en\/wp-json\/wp\/v2\/product_cat\/?post=819"},{"taxonomy":"product_tag","embeddable":true,"href":"https:\/\/hungnam2.world-bank.us\/en\/wp-json\/wp\/v2\/product_tag\/?post=819"}],"curies":[{"name":"wp","href":"https:\/\/api.w.org\/{rel}","templated":true}]}}