{"id":779,"date":"2023-03-27T10:44:03","date_gmt":"2023-03-27T03:44:03","guid":{"rendered":"https:\/\/hungnam2.world-bank.us\/?post_type=product&#038;p=779"},"modified":"2023-03-27T11:00:58","modified_gmt":"2023-03-27T04:00:58","slug":"vi-uong-calcium-nano-mk7","status":"publish","type":"product","link":"https:\/\/hungnam2.world-bank.us\/en\/san-pham\/vi-uong-calcium-nano-mk7\/","title":{"rendered":"V\u1ec8 U\u1ed0NG CALCIUM NANO MK7"},"content":{"rendered":"<h2><strong>Gi\u1edbi thi\u1ec7u s\u1ea3n ph\u1ea9m<\/strong><\/h2>\n<p style=\"text-align: center;\"><img loading=\"lazy\" decoding=\"async\" class=\"alignnone wp-image-301 size-full\" src=\"https:\/\/hungnam2.world-bank.us\/wp-content\/uploads\/2023\/02\/thanh-phan.png\" alt=\"\" width=\"480\" height=\"377\" srcset=\"https:\/\/hungnam2.world-bank.us\/wp-content\/uploads\/2023\/02\/thanh-phan.png 480w, https:\/\/hungnam2.world-bank.us\/wp-content\/uploads\/2023\/02\/thanh-phan-300x236.png 300w\" sizes=\"auto, (max-width: 480px) 100vw, 480px\" \/><\/p>\n<p><strong>TH\u00c0NH PH\u1ea6N C\u1ea4U T\u1ea0O:<\/strong> Trong 200ml c\u00f3 ch\u1ee9a:<\/p>\n<p>Canxi lactate 4000mg ; L-Lysin HCL (1000mg); 200mg K\u0113m gluconate; Canxi carbonate nano 20mg; 20mg Vitamin PP; Vitamin B1&#8230;10mg; Vitamin B2&#8230;.10mg; Vitamin B6&#8230;..10mg; Vitamin K2 &#8211; MK7 (2000ppm)..2000mcg; Vitamin D3..200IU<\/p>\n<p><strong>Ph\u1ee5 li\u1ec7u<\/strong>: \u0111\u01b0\u1eddng, n\u01b0\u1edbc ch\u1ea5t b\u1ea3o qu\u1ea3n &#8211; kali sorbat, n\u01b0\u1edbc.<\/p>\n<p>&nbsp;<\/p>\n<p><strong>C\u00d4NG D\u1ee4NG:<\/strong><\/p>\n<p>B\u1ed5 sung canxi cho c\u01a1 th\u1ec3, h\u1ed7 tr\u1ee3 x\u01b0\u01a1ng, r\u0103ng ch\u1eafc kh\u1ecfe, gi\u00fap ph\u00e1t tri\u1ec3n chi\u1ec1u cao v\u00e0 gi\u1ea3m c\u00f2i x\u01b0\u01a1ng \u1edf tr\u1ebb nh\u1ecf, h\u1ed7 tr\u1ee3 gi\u1ea3m nguy c\u01a1 lo\u00e3ng x\u01b0\u01a1ng \u1edf ng\u01b0\u1eddi cao tu\u1ed5i.<\/p>\n<p><strong>\u0110\u1ed0I T\u01af\u1ee2NG S\u1eec D\u1ee4NG:<\/strong><\/p>\n<p>Tr\u1ebb c\u00f2i x\u01b0\u01a1ng, ch\u1eadm m\u1ecdc r\u0103ng ho\u1eb7c \u0111ang trong giai \u0111o\u1ea1n ph\u00e1t tri\u1ec3n chi\u1ec1u cao, ph\u1ee5 n\u1eef c\u00f3 thai v\u00e0 cho con b\u00fa c\u1ea9n b\u1ed5 sung canxi do ch\u1ebf \u0111\u1ed9 \u0103n thi\u1ebfu hut. Ng\u01b0\u1eddi lo\u0101ng x\u01b0\u01a1ng ho\u1eb7c c\u00f3 nguy c\u01a1 lo\u0101ng x\u01b0\u01a1ng: ph\u1ee5 n\u1eef m\u0101n kinh, ti\u1ec3n m\u00e3n kinh, ng\u01b0\u1eddi cao tu\u1ed5i.<\/p>\n<p><strong>H\u01af\u1edaNG D\u1eaaN S\u1eec D\u1ee4NG:<\/strong><\/p>\n<p>&#8211; Tr\u1ebb em 1-3 tu\u1ed5i: u\u1ed1ng 5-10ml\/l\u00e2n x 1-2 l\u1ea7n\/ng\u00e0y<\/p>\n<p>&#8211; Tr\u1ebb em 4-9 tu\u1ed5i: u\u1ed1ng 10ml\/l\u1ea9n x 3 l\u1ea7n\/ng\u00e0y<\/p>\n<p>&#8211; Tr\u00e8 em tr\u00ean 10 tu\u1ed5i v\u00e0 ngu\u1eddi l\u1edbn: u\u1ed1ng 20ml\/l\u1ea9n x 3 l\u1ea7n\/ng\u00e0y.<\/p>\n<p>&#8211; Ph\u1ee5 n\u1eef mang thai v\u00e0 cho con b\u00fa: U\u1ed1ng 20ml\/l\u1ea7n x 3 l\u1ea7n\/ng\u00e0y<\/p>\n<p>&#8211; Tr\u1ebb em du\u1edbi 1 tu\u1ed5i: tham kh\u1ea3o \u00fd ki\u1ebfn c\u1ee7a b\u00e1c s\u0129 tr\u01b0\u1edbc khi d\u00f9ng.<\/p>\n<p><strong>L\u01b0u \u00fd<\/strong>: Th\u1ef1c ph\u1ea9m n\u00e0y kh\u00f4ng ph\u1ea3i l\u00e0 thu\u1ed1c, kh\u00f4ng c\u00f3 t\u00e1c d\u1ee5ng thay th\u1ebf thu\u1ed1c ch\u1ee9c b\u1ec7nh.<\/p>\n<p>Kh\u00f4ng s\u1eed d\u1ee5ng cho ng\u01b0\u1eddi b\u1ecb s\u1ecfi canxi, ng\u01b0\u1eddi c\u00f3 m\u1eabn c\u1ea3m v\u1edbi b\u1ea5t k\u1ef3 th\u00e0nh ph\u1ea7n n\u00e0o c\u1ee7a s\u1ea3n ph\u1ea9m.<\/p>\n<p>Ti\u00eau chu\u1ea9n : TCCS<\/p>\n<p>S\u1ed1: 11626\/2019\/\u0110KSP<\/p>\n","protected":false},"excerpt":{"rendered":"<p><strong>TPCN v\u1ec9 u\u1ed1ng Calcium Nano MK7<\/strong><\/p>\n<ul>\n<li>B\u1ed5 sung canxi cho c\u01a1 th\u1ec3, h\u1ed7 tr\u1ee3 x\u01b0\u01a1ng, r\u0103ng ch\u1eafc kh\u1ecfe<\/li>\n<\/ul>\n<p>Nh\u00e0 m\u00e1y Nature Pharma H\u00f2a B\u00ecnh s\u1ea3n xu\u1ea5t TPCN, TPBS d\u1ea1ng \u1ed1ng b\u1ebb d\u1ec5 d\u00e0ng d\u00f9ng \u0111\u1ec3 u\u1ed1ng. Ch\u00fang t\u00f4i c\u00f3 m\u1ea1ng l\u01b0\u1edbi c\u01a1 s\u1edf kinh doanh tr\u00ean kh\u1eafp th\u1ebf gi\u1edbi, cung c\u1ea5p \u0111a d\u1ea1ng c\u00e1c lo\u1ea1i s\u1ea3n ph\u1ea9m kh\u00e1c nhau, d\u1ecbch v\u1ee5 to\u00e0n di\u1ec7n, ph\u00e2n t\u00edch th\u1ecb tr\u01b0\u1eddng v\u00e0 h\u01a1n th\u1ebf n\u1eefa \u0111\u1ec3 gi\u00fap kh\u00e1ch h\u00e0ng tr\u00e1nh kh\u1ecfi nh\u1eefng sai l\u1ea7m trong kinh doanh.<\/p>\n<p><span style=\"text-decoration: underline;\"><em><a href=\"https:\/\/naturepharma.net.vn\/lien-he\"><span style=\"color: #00a859; text-decoration: underline;\">Vui l\u00f2ng nh\u1ea5p v\u00e0o \u0111\u00e2y n\u1ebfu b\u1ea1n quan t\u00e2m t\u1edbi s\u1ea3n ph\u1ea9m c\u1ee7a ch\u00fang t\u00f4i. Nature Pharma s\u1ebd g\u1eedi b\u00e1o gi\u00e1 cho b\u1ea1n trong th\u1eddi gian nhanh nh\u1ea5t c\u00f3 th\u1ec3.<\/span><\/a><\/em><\/span><\/p>\n","protected":false},"featured_media":780,"template":"","meta":[],"product_cat":[24],"product_tag":[46,47,45],"class_list":["post-779","product","type-product","status-publish","has-post-thumbnail","hentry","product_cat-co-xuong-khop","product_tag-calcium-nano-mk7","product_tag-co-xuong-khop","product_tag-vi-uong"],"_links":{"self":[{"href":"https:\/\/hungnam2.world-bank.us\/en\/wp-json\/wp\/v2\/product\/779\/"}],"collection":[{"href":"https:\/\/hungnam2.world-bank.us\/en\/wp-json\/wp\/v2\/product\/"}],"about":[{"href":"https:\/\/hungnam2.world-bank.us\/en\/wp-json\/wp\/v2\/types\/product\/"}],"wp:featuredmedia":[{"embeddable":true,"href":"https:\/\/hungnam2.world-bank.us\/en\/wp-json\/wp\/v2\/media\/780\/"}],"wp:attachment":[{"href":"https:\/\/hungnam2.world-bank.us\/en\/wp-json\/wp\/v2\/media\/?parent=779"}],"wp:term":[{"taxonomy":"product_cat","embeddable":true,"href":"https:\/\/hungnam2.world-bank.us\/en\/wp-json\/wp\/v2\/product_cat\/?post=779"},{"taxonomy":"product_tag","embeddable":true,"href":"https:\/\/hungnam2.world-bank.us\/en\/wp-json\/wp\/v2\/product_tag\/?post=779"}],"curies":[{"name":"wp","href":"https:\/\/api.w.org\/{rel}","templated":true}]}}