{"id":773,"date":"2023-03-26T23:11:09","date_gmt":"2023-03-26T16:11:09","guid":{"rendered":"https:\/\/hungnam2.world-bank.us\/?post_type=product&#038;p=773"},"modified":"2023-03-27T13:22:13","modified_gmt":"2023-03-27T06:22:13","slug":"vien-uong-kore-livergol","status":"publish","type":"product","link":"https:\/\/hungnam2.world-bank.us\/en\/san-pham\/vien-uong-kore-livergol\/","title":{"rendered":"VI\u00caN U\u1ed0NG KORE \u2013 LIVERGOL"},"content":{"rendered":"<h2><strong>Gi\u1edbi thi\u1ec7u s\u1ea3n ph\u1ea9m<\/strong><\/h2>\n<p style=\"text-align: center;\"><img loading=\"lazy\" decoding=\"async\" class=\"alignnone wp-image-301 size-full\" src=\"https:\/\/hungnam2.world-bank.us\/wp-content\/uploads\/2023\/02\/thanh-phan.png\" alt=\"\" width=\"480\" height=\"377\" srcset=\"https:\/\/hungnam2.world-bank.us\/wp-content\/uploads\/2023\/02\/thanh-phan.png 480w, https:\/\/hungnam2.world-bank.us\/wp-content\/uploads\/2023\/02\/thanh-phan-300x236.png 300w\" sizes=\"auto, (max-width: 480px) 100vw, 480px\" \/><\/p>\n<p><strong>TH\u00c0NH PH\u1ea6N C\u1ea4U T\u1ea0O:<\/strong><\/p>\n<p>Trong 3 vi\u00ean c\u00f3 ch\u1ee9a:<\/p>\n<p>L-Arginin HCL&#8230;&#8230;&#8230;&#8230;&#8230;&#8230;&#8230;&#8230;&#8230;&#8230;&#8230;&#8230;&#8230;&#8230;&#8230;&#8230;&#8230;&#8230;&#8230;&#8230;&#8230;&#8230;&#8230;&#8230;&#8230;&#8230;&#8230;&#8230;&#8230;&#8230;600mg<\/p>\n<p>Cao c\u00e0 gai leo&#8230;&#8230;&#8230;&#8230;&#8230;&#8230;&#8230;&#8230;&#8230;&#8230;&#8230;&#8230;&#8230;&#8230;&#8230;&#8230;&#8230;&#8230;&#8230;&#8230;&#8230;&#8230;&#8230;&#8230;&#8230;&#8230;&#8230;&#8230;&#8230;&#8230;..400mg<\/p>\n<p>Cao di\u1ec7p h\u1ea1 ch\u00e2u&#8230;&#8230;&#8230;&#8230;&#8230;&#8230;&#8230;&#8230;&#8230;&#8230;&#8230;&#8230;&#8230;&#8230;&#8230;&#8230;&#8230;&#8230;&#8230;&#8230;&#8230;&#8230;&#8230;&#8230;&#8230;&#8230;&#8230;&#8230;&#8230;400mg<\/p>\n<p>Cao actiso&#8230;&#8230;&#8230;&#8230;&#8230;&#8230;&#8230;&#8230;&#8230;&#8230;&#8230;&#8230;&#8230;&#8230;&#8230;&#8230;&#8230;&#8230;&#8230;&#8230;&#8230;&#8230;&#8230;&#8230;&#8230;&#8230;&#8230;&#8230;&#8230;&#8230;&#8230;&#8230;..400mg<\/p>\n<p>Silymarin 40%&#8230;&#8230;&#8230;&#8230;&#8230;&#8230;&#8230;&#8230;&#8230;&#8230;&#8230;&#8230;&#8230;&#8230;&#8230;&#8230;&#8230;&#8230;&#8230;&#8230;&#8230;&#8230;&#8230;&#8230;&#8230;&#8230;&#8230;&#8230;&#8230;&#8230;.100mg<\/p>\n<p>Cao gi\u1ea3o c\u1ed5 lam&#8230;&#8230;&#8230;&#8230;&#8230;&#8230;&#8230;&#8230;&#8230;&#8230;&#8230;&#8230;&#8230;&#8230;&#8230;&#8230;&#8230;&#8230;&#8230;&#8230;&#8230;&#8230;&#8230;&#8230;&#8230;&#8230;&#8230;&#8230;&#8230;..100mg<\/p>\n<p>Cao linh chi&#8230;&#8230;&#8230;&#8230;&#8230;&#8230;&#8230;&#8230;&#8230;&#8230;&#8230;&#8230;&#8230;&#8230;&#8230;&#8230;&#8230;&#8230;&#8230;&#8230;&#8230;&#8230;&#8230;&#8230;&#8230;&#8230;&#8230;&#8230;&#8230;&#8230;&#8230;&#8230;..40mg<\/p>\n<p>Chi\u1ebft su\u1ea5t l\u00e1 sen&#8230;&#8230;&#8230;&#8230;&#8230;&#8230;&#8230;&#8230;&#8230;&#8230;&#8230;&#8230;&#8230;&#8230;&#8230;&#8230;&#8230;&#8230;&#8230;&#8230;&#8230;&#8230;&#8230;&#8230;&#8230;&#8230;&#8230;&#8230;&#8230;&#8230;.15mg<\/p>\n<p>Vitamin B1&#8230;&#8230;&#8230;&#8230;&#8230;&#8230;&#8230;&#8230;&#8230;&#8230;&#8230;&#8230;&#8230;&#8230;&#8230;&#8230;&#8230;&#8230;&#8230;&#8230;&#8230;&#8230;&#8230;&#8230;&#8230;&#8230;&#8230;&#8230;&#8230;&#8230;&#8230;&#8230;&#8230;..4mg<\/p>\n<p>Vitamin B2&#8230;&#8230;&#8230;&#8230;&#8230;&#8230;&#8230;&#8230;&#8230;&#8230;&#8230;&#8230;&#8230;&#8230;&#8230;&#8230;&#8230;&#8230;&#8230;&#8230;&#8230;&#8230;&#8230;&#8230;&#8230;&#8230;&#8230;&#8230;&#8230;&#8230;&#8230;&#8230;&#8230;..4mg<\/p>\n<p>Vitamin B6&#8230;&#8230;&#8230;&#8230;&#8230;&#8230;&#8230;&#8230;&#8230;&#8230;&#8230;&#8230;&#8230;&#8230;&#8230;&#8230;&#8230;&#8230;&#8230;&#8230;&#8230;&#8230;&#8230;&#8230;&#8230;&#8230;&#8230;&#8230;&#8230;&#8230;&#8230;&#8230;&#8230;..4mg<\/p>\n<p><strong>Ph\u1ee5 li\u1ec7u<\/strong>: S\u00e1p ong, d\u1ea7u c\u1ecd, ch\u1ea5t gi\u1eef \u1ea9m \u2013 glycerin, v\u1ecf nang \u2013 Gelatin, ch\u1ea5t b\u1ea3o qu\u1ea3n nipazol, nipazil, d\u1ea7u \u0111\u1eadu n\u00e0nh&#8230;<\/p>\n<p>&nbsp;<\/p>\n<p><strong>C\u00d4NG D\u1ee4NG:<\/strong><\/p>\n<p>H\u1ed7 tr\u1ee3 gi\u1ea3i \u0111\u1ed9c gan gi\u00fap b\u1ea3o v\u1ec7, t\u0103ng c\u01b0\u1eddng ch\u1ee9c n\u0103ng gan, h\u1ea1n ch\u1ebf t\u00e1c h\u1ea1i c\u1ee7a r\u01b0\u1ee3u bia thu\u1ed1c, h\u00f3a ch\u1ea5t \u1ea3nh h\u01b0\u1edfng \u0111\u1ebfn gan.<\/p>\n<p><strong>\u0110\u1ed0I T\u01af\u1ee2NG S\u1eec D\u1ee4NG:<\/strong><\/p>\n<ul>\n<li>Ng\u01b0\u1eddi c\u00f3 ch\u1ee9c n\u0103ng gan k\u00e9m v\u1edbi c\u00e1c bi\u1ec3u hi\u1ec7n: m\u1ea9n ng\u1ee9a, m\u1ec1 \u0111ay, r\u00f4m s\u1ea3y, m\u1ec7t m\u1ecfi, ch\u00e1n \u0103n, v\u00e0ng da.<\/li>\n<li>Ng\u01b0\u1eddi b\u1ecb vi\u00eam gan, x\u01a1 gan, men gan cao.<\/li>\n<li>Ng\u01b0\u1eddi u\u1ed1ng nhi\u1ec1u r\u01b0\u1ee3u bia, s\u1eed d\u1ee5ng thu\u1ed1c, h\u00f3a ch\u1ea5t c\u00f3 h\u1ea1n cho gan.<\/li>\n<\/ul>\n<p><strong>C\u00c1CH D\u00d9NG:<\/strong><\/p>\n<ul>\n<li>Ng\u01b0\u1eddi l\u1edbn: u\u1ed1ng 1 vi\u00ean\/l\u1ea7n x 2-3 l\u1ea7n\/ng\u00e0y.<\/li>\n<li>Tr\u1ebb em tr\u00ean 12 tu\u1ed5i: u\u1ed1ng 1 vi\u00ean\/l\u1ea7n x 2-3 l\u1ea7n\/ng\u00e0y.<\/li>\n<\/ul>\n<p>L\u01b0u \u00fd: Th\u1ef1c ph\u1ea9m n\u00e0y kh\u00f4ng ph\u1ea3i l\u00e0 thu\u1ed1c v\u00e0 kh\u00f4ng c\u00f3 t\u00e1c d\u1ee5ng thay th\u1ebf thu\u1ed1c ch\u1eefa b\u1ec7nh.<\/p>\n<p>Kh\u00f4ng d\u00f9ng cho ng\u01b0\u1eddi c\u00f3 m\u1eabn c\u1ea3m v\u1edbi b\u1ea5t k\u1ef3 th\u00e0nh ph\u1ea7n n\u00e0o c\u1ee7a s\u1ea3n ph\u1ea9m.<\/p>\n<p>TI\u00caU CHU\u1ea8N: TCCS<\/p>\n<p>S\u1ed1: 7730\/2019\/\u0110KSP.<\/p>\n","protected":false},"excerpt":{"rendered":"<p><strong>TPCN vi\u00ean u\u1ed1ng Kore &#8211; Livergol<\/strong><\/p>\n<ul>\n<li>H\u1ed7 tr\u1ee3 gi\u1ea3i \u0111\u1ed9c gan gi\u00fap b\u1ea3o v\u1ec7, t\u0103ng c\u01b0\u1eddng ch\u1ee9c n\u0103ng gan.<\/li>\n<\/ul>\n<p>Nh\u00e0 m\u00e1y Nature Pharma H\u00f2a B\u00ecnh s\u1ea3n xu\u1ea5t TPCN, TPBS d\u1ea1ng vi\u00ean nang c\u1ee9ng, vi\u00ean nang m\u1ec1m. Ch\u00fang t\u00f4i c\u00f3 m\u1ea1ng l\u01b0\u1edbi c\u01a1 s\u1edf kinh doanh tr\u00ean kh\u1eafp th\u1ebf gi\u1edbi, cung c\u1ea5p \u0111a d\u1ea1ng c\u00e1c lo\u1ea1i s\u1ea3n ph\u1ea9m kh\u00e1c nhau, d\u1ecbch v\u1ee5 to\u00e0n di\u1ec7n, ph\u00e2n t\u00edch th\u1ecb tr\u01b0\u1eddng v\u00e0 h\u01a1n th\u1ebf n\u1eefa \u0111\u1ec3 gi\u00fap kh\u00e1ch h\u00e0ng tr\u00e1nh kh\u1ecfi nh\u1eefng sai l\u1ea7m trong kinh doanh.<\/p>\n<p><span style=\"text-decoration: underline;\"><em><a href=\"https:\/\/naturepharma.net.vn\/lien-he\"><span style=\"color: #00a859; text-decoration: underline;\">Vui l\u00f2ng nh\u1ea5p v\u00e0o \u0111\u00e2y n\u1ebfu b\u1ea1n quan t\u00e2m t\u1edbi s\u1ea3n ph\u1ea9m c\u1ee7a ch\u00fang t\u00f4i. Nature Pharma s\u1ebd g\u1eedi b\u00e1o gi\u00e1 cho b\u1ea1n trong th\u1eddi gian nhanh nh\u1ea5t c\u00f3 th\u1ec3.<\/span><\/a><\/em><\/span><\/p>\n","protected":false},"featured_media":774,"template":"","meta":[],"product_cat":[33],"product_tag":[87,49,63,48,94],"class_list":["post-773","product","type-product","status-publish","has-post-thumbnail","hentry","product_cat-tiet-nieu","product_tag-tiet-nieu","product_tag-vien-nang-cung","product_tag-vien-nang-mem","product_tag-vien-uong","product_tag-vien-uong-kore-livergol"],"_links":{"self":[{"href":"https:\/\/hungnam2.world-bank.us\/en\/wp-json\/wp\/v2\/product\/773\/"}],"collection":[{"href":"https:\/\/hungnam2.world-bank.us\/en\/wp-json\/wp\/v2\/product\/"}],"about":[{"href":"https:\/\/hungnam2.world-bank.us\/en\/wp-json\/wp\/v2\/types\/product\/"}],"wp:featuredmedia":[{"embeddable":true,"href":"https:\/\/hungnam2.world-bank.us\/en\/wp-json\/wp\/v2\/media\/774\/"}],"wp:attachment":[{"href":"https:\/\/hungnam2.world-bank.us\/en\/wp-json\/wp\/v2\/media\/?parent=773"}],"wp:term":[{"taxonomy":"product_cat","embeddable":true,"href":"https:\/\/hungnam2.world-bank.us\/en\/wp-json\/wp\/v2\/product_cat\/?post=773"},{"taxonomy":"product_tag","embeddable":true,"href":"https:\/\/hungnam2.world-bank.us\/en\/wp-json\/wp\/v2\/product_tag\/?post=773"}],"curies":[{"name":"wp","href":"https:\/\/api.w.org\/{rel}","templated":true}]}}